{"id":8913,"date":"2018-12-27T11:59:35","date_gmt":"2018-12-27T11:59:35","guid":{"rendered":"https:\/\/www.deficitdao.org\/?page_id=8913"},"modified":"2018-12-28T08:38:03","modified_gmt":"2018-12-28T08:38:03","slug":"blog","status":"publish","type":"page","link":"https:\/\/www.deficitdao.org\/en\/blog\/","title":{"rendered":"blog"},"content":{"rendered":"<p>[vc_row heading_color=&#8221;light&#8221; bg_type=&#8221;hosted_video&#8221; bg_video_type=&#8221;normal&#8221; bg_video_device=&#8221;yes&#8221; header_feature=&#8221;yes&#8221; padding_top=&#8221;150&#8243; padding_bottom=&#8221;150&#8243; bg_video_webm=&#8221;https:\/\/www.deficitdao.org\/wp-content\/uploads\/2018\/12\/Particles-5136-1.mp4&#8243; bg_video_mp4=&#8221;https:\/\/www.deficitdao.org\/wp-content\/uploads\/2018\/12\/Particles-5136-1.mp4&#8243;][vc_column width=&#8221;1\/2&#8243;]<h1 class=\"grve-element grve-align-center grve-title-line grve-h1\" style=\"\"><span>Blog<\/span><\/h1>[\/vc_column][vc_column width=&#8221;1\/2&#8243;]<div class=\"grve-element grve-image grve-align-center\" style=\"\"><img loading=\"lazy\" decoding=\"async\" width=\"904\" height=\"293\" src=\"https:\/\/www.deficitdao.org\/wp-content\/uploads\/2018\/12\/logo-con-prolongaciones-de-ciencia-sociedad-e-industria-en-morado-904x293.png\" class=\"attachment-full size-full\" alt=\"\" srcset=\"https:\/\/www.deficitdao.org\/wp-content\/uploads\/2018\/12\/logo-con-prolongaciones-de-ciencia-sociedad-e-industria-en-morado-904x293.png 1x,https:\/\/www.deficitdao.org\/wp-content\/uploads\/2018\/12\/logo-con-prolongaciones-de-ciencia-sociedad-e-industria-en-morado-1808x586-retina.png 2x\" \/><\/div>[\/vc_column][\/vc_row][vc_row padding_top=&#8221;50&#8243;][vc_column width=&#8221;2\/3&#8243;]\t\t<div class=\"grve-element grve-blog grve-large-media grve-non-isotope\" style=\"\" >\r\n\t\t\t<div class=\"grve-standard-container\">\r\n\t\t\t<article id=\"post-10477\" class=\"grve-blog-item grve-big-post grve-non-isotope-item post-10477 post type-post status-publish format-video has-post-thumbnail hentry category-blog-articles category-dao-deficiency category-interviews category-news category-videos tag-blog tag-dao-activity tag-dao-and-intestinal-dysbiosis tag-dao-and-migraine tag-diamine-oxidase tag-histamine-intolerance post_format-post-format-video\" itemscope itemType=\"http:\/\/schema.org\/BlogPosting\">\r\n\t\t\t\t\t\t\t\t\t\t\t<div class=\"grve-media grve-image-hover\">\r\n\t\t\t<a href=\"https:\/\/www.deficitdao.org\/en\/2019\/07\/15\/how-is-it-diagnosed-the-dao-deficiency-interview-to-dr-eva-ruiz\/\" target=\"_self\"><img loading=\"lazy\" decoding=\"async\" width=\"1170\" height=\"658\" src=\"https:\/\/www.deficitdao.org\/wp-content\/uploads\/2019\/07\/detectar-deficit-dao-1170x658.jpg\" class=\"attachment-grve-image-large-rect-horizontal size-grve-image-large-rect-horizontal wp-post-image\" alt=\"detectar-deficit-dao\" srcset=\"https:\/\/www.deficitdao.org\/wp-content\/uploads\/2019\/07\/detectar-deficit-dao-1170x658.jpg 1170w, https:\/\/www.deficitdao.org\/wp-content\/uploads\/2019\/07\/detectar-deficit-dao-560x315.jpg 560w\" sizes=\"auto, (max-width: 1170px) 100vw, 1170px\" \/><\/a>\r\n\t\t<\/div>\r\n\r\n\t\t\t\t\t\t\t\t\t\t\t<div class=\"grve-post-content\">\r\n\t\t\t\t\t\t\t<a href=\"https:\/\/www.deficitdao.org\/en\/2019\/07\/15\/how-is-it-diagnosed-the-dao-deficiency-interview-to-dr-eva-ruiz\/\" rel=\"bookmark\"><h4 class=\"grve-post-title\" itemprop=\"headline\">\u00bfHow is it diagnosed the DAO deficiency? Interview to Dr. Eva Ruiz<\/h4><\/a>\t\t\t\t\t\t\t\t\t<span class=\"grve-hidden\">\r\n\t\t\t<span class=\"grve-structured-data\" itemprop=\"image\" itemscope itemtype=\"http:\/\/schema.org\/ImageObject\">\r\n\t\t\t   <span itemprop='url' >https:\/\/www.deficitdao.org\/wp-content\/uploads\/2019\/07\/detectar-deficit-dao-1024x571.jpg<\/span>\r\n\t\t\t   <span itemprop='height' >1024<\/span>\r\n\t\t\t   <span itemprop='width' >571<\/span>\r\n\t\t\t<\/span>\r\n\t\t\t\t\t\t<span class=\"grve-structured-data\" itemprop=\"author\" itemscope itemtype=\"http:\/\/schema.org\/Person\">\r\n\t\t\t\t<span itemprop=\"name\">comsalud.es<\/span>\r\n\t\t\t<\/span>\r\n\t\t\t<span class=\"grve-structured-data\" itemprop=\"publisher\" itemscope itemtype=\"http:\/\/schema.org\/Organization\">\r\n\t\t\t\t<span itemprop='name'>comsalud.es<\/span>\r\n\t\t\t\t<span itemprop='logo' itemscope itemtype='http:\/\/schema.org\/ImageObject'>\r\n\t\t\t\t\t<span itemprop='url'>https:\/\/www.deficitdao.org\/wp-content\/plugins\/ultimate-member\/assets\/img\/default_avatar.jpg<\/span>\r\n\t\t\t\t<\/span>\r\n\t\t\t<\/span>\r\n\t\t\t\t\t\t<time class=\"grve-structured-data\" itemprop=\"datePublished\" datetime=\"2019-07-15T13:22:16+00:00\">15 July, 2019<\/time>\r\n\t\t\t<time class=\"grve-structured-data\" itemprop=\"dateModified\"  datetime=\"2025-07-16T20:43:49+00:00\">16 July, 2025<\/time>\r\n\t\t\t<span class=\"grve-structured-data\" itemprop=\"mainEntityOfPage\" itemscope itemtype=\"http:\/\/schema.org\/WebPage\" itemid=\"https:\/\/www.deficitdao.org\/en\/2019\/07\/15\/how-is-it-diagnosed-the-dao-deficiency-interview-to-dr-eva-ruiz\/\"><\/span>\r\n\t\t<\/span>\r\n\t\t\t\t\t\t\t\t<div class=\"grve-post-meta\">\r\n\t\t\t\t\t\t\t\t\t<time class=\"grve-post-date\" datetime=\"2019-07-15T13:22:16+00:00\">\r\n\t\t15 July, 2019\t<\/time>\r\n\t<div class=\"grve-post-comments grve-small-text\">\r\n\t\t<span class=\"grve-icon-comment\"><\/span> 0\t<\/div>\r\n\t\t<div class=\"grve-like-counter\"><span class=\"grve-icon-heart\"><\/span>0<\/div>\r\n\t\t\t\t\t\t\t<\/div>\r\n\t\t\t\t\t\t\t<div itemprop=\"articleBody\"><p>The DAO deficiency is an alteration in the metabolism of food histamine that occurs when there is low activity of the enzyme diamine oxidase (DAO). This situation occurs when, for different genetic, pharmacological and\/or pathological factors, creates a considerable deficiency in the functional activity of this enzyme. In this video, the technical director of GENYCA-Diagnostic&hellip;<\/p><a class=\"grve-read-more\" href=\"https:\/\/www.deficitdao.org\/en\/2019\/07\/15\/how-is-it-diagnosed-the-dao-deficiency-interview-to-dr-eva-ruiz\/\"><span>read more<\/span><\/a><\/div>\t\t\t\t\t\t<\/div>\r\n\t\t\t\t\t\r\n\t\t\t\t\t\t\t<\/article>\r\n\r\n\t\t\t<article id=\"post-10421\" class=\"grve-blog-item grve-big-post grve-non-isotope-item post-10421 post type-post status-publish format-standard has-post-thumbnail hentry category-blog-articles category-news category-publications-in-the-media tag-dao tag-dao-y-resaca tag-dao-y-urticaria tag-histaminosis\" itemscope itemType=\"http:\/\/schema.org\/BlogPosting\">\r\n\t\t\t\t\t\t\t\t\t\t\t<div class=\"grve-media grve-image-hover\">\r\n\t\t\t<a href=\"https:\/\/www.deficitdao.org\/en\/2019\/05\/31\/los-seis-signos-del-deficit-de-dao-una-de-las-causas-mas-importantes-de-migrana\/\" target=\"_self\"><img loading=\"lazy\" decoding=\"async\" width=\"1170\" height=\"658\" src=\"https:\/\/www.deficitdao.org\/wp-content\/uploads\/2019\/05\/cheese-2725235_1280-1170x658.jpg\" class=\"attachment-grve-image-large-rect-horizontal size-grve-image-large-rect-horizontal wp-post-image\" alt=\"Los seis signos del D\u00e9ficit de DAO, una de las causas m\u00e1s importantes de migra\u00f1a\" srcset=\"https:\/\/www.deficitdao.org\/wp-content\/uploads\/2019\/05\/cheese-2725235_1280-1170x658.jpg 1170w, https:\/\/www.deficitdao.org\/wp-content\/uploads\/2019\/05\/cheese-2725235_1280-560x315.jpg 560w\" sizes=\"auto, (max-width: 1170px) 100vw, 1170px\" \/><\/a>\r\n\t\t<\/div>\r\n\r\n\t\t\t\t\t\t\t\t\t\t\t<div class=\"grve-post-content\">\r\n\t\t\t\t\t\t\t<a href=\"https:\/\/www.deficitdao.org\/en\/2019\/05\/31\/los-seis-signos-del-deficit-de-dao-una-de-las-causas-mas-importantes-de-migrana\/\" rel=\"bookmark\"><h4 class=\"grve-post-title\" itemprop=\"headline\">Los seis signos del D\u00e9ficit de DAO, una de las causas m\u00e1s importantes de migra\u00f1a<\/h4><\/a>\t\t\t\t\t\t\t\t\t<span class=\"grve-hidden\">\r\n\t\t\t<span class=\"grve-structured-data\" itemprop=\"image\" itemscope itemtype=\"http:\/\/schema.org\/ImageObject\">\r\n\t\t\t   <span itemprop='url' >https:\/\/www.deficitdao.org\/wp-content\/uploads\/2019\/05\/cheese-2725235_1280-1024x682.jpg<\/span>\r\n\t\t\t   <span itemprop='height' >1024<\/span>\r\n\t\t\t   <span itemprop='width' >682<\/span>\r\n\t\t\t<\/span>\r\n\t\t\t\t\t\t<span class=\"grve-structured-data\" itemprop=\"author\" itemscope itemtype=\"http:\/\/schema.org\/Person\">\r\n\t\t\t\t<span itemprop=\"name\">comsalud.es<\/span>\r\n\t\t\t<\/span>\r\n\t\t\t<span class=\"grve-structured-data\" itemprop=\"publisher\" itemscope itemtype=\"http:\/\/schema.org\/Organization\">\r\n\t\t\t\t<span itemprop='name'>comsalud.es<\/span>\r\n\t\t\t\t<span itemprop='logo' itemscope itemtype='http:\/\/schema.org\/ImageObject'>\r\n\t\t\t\t\t<span itemprop='url'>https:\/\/www.deficitdao.org\/wp-content\/plugins\/ultimate-member\/assets\/img\/default_avatar.jpg<\/span>\r\n\t\t\t\t<\/span>\r\n\t\t\t<\/span>\r\n\t\t\t\t\t\t<time class=\"grve-structured-data\" itemprop=\"datePublished\" datetime=\"2019-05-31T12:28:59+00:00\">31 May, 2019<\/time>\r\n\t\t\t<time class=\"grve-structured-data\" itemprop=\"dateModified\"  datetime=\"2025-07-16T20:43:49+00:00\">16 July, 2025<\/time>\r\n\t\t\t<span class=\"grve-structured-data\" itemprop=\"mainEntityOfPage\" itemscope itemtype=\"http:\/\/schema.org\/WebPage\" itemid=\"https:\/\/www.deficitdao.org\/en\/2019\/05\/31\/los-seis-signos-del-deficit-de-dao-una-de-las-causas-mas-importantes-de-migrana\/\"><\/span>\r\n\t\t<\/span>\r\n\t\t\t\t\t\t\t\t<div class=\"grve-post-meta\">\r\n\t\t\t\t\t\t\t\t\t<time class=\"grve-post-date\" datetime=\"2019-05-31T12:28:59+00:00\">\r\n\t\t31 May, 2019\t<\/time>\r\n\t<div class=\"grve-post-comments grve-small-text\">\r\n\t\t<span class=\"grve-icon-comment\"><\/span> 0\t<\/div>\r\n\t\t<div class=\"grve-like-counter\"><span class=\"grve-icon-heart\"><\/span>0<\/div>\r\n\t\t\t\t\t\t\t<\/div>\r\n\t\t\t\t\t\t\t<div itemprop=\"articleBody\"><p>24-04-2019 &#8211; Publicada en Gacetas Locales El d\u00e9ficit de la enzima digestiva Diamino Oxidasa (DAO) afecta a un 20% de la poblaci\u00f3n. Se trata de una prote\u00edna que degrada la histamina, una mol\u00e9cula que est\u00e1 presente en gran parte de los alimentos de nuestra dieta cotidiana, por lo que es fundamental detectar a tiempo un&hellip;<\/p><a class=\"grve-read-more\" href=\"https:\/\/www.deficitdao.org\/en\/2019\/05\/31\/los-seis-signos-del-deficit-de-dao-una-de-las-causas-mas-importantes-de-migrana\/\"><span>read more<\/span><\/a><\/div>\t\t\t\t\t\t<\/div>\r\n\t\t\t\t\t\r\n\t\t\t\t\t\t\t<\/article>\r\n\r\n\t\t\t<article id=\"post-8855\" class=\"grve-blog-item grve-big-post grve-non-isotope-item post-8855 post type-post status-publish format-standard has-post-thumbnail hentry category-blog-articles\" itemscope itemType=\"http:\/\/schema.org\/BlogPosting\">\r\n\t\t\t\t\t\t\t\t\t\t\t<div class=\"grve-media grve-image-hover\">\r\n\t\t\t<a href=\"https:\/\/www.deficitdao.org\/en\/2018\/12\/21\/are-the-amounts-of-biogenic-amines-usually-underestimated-in-diets-low-in-histamine\/\" target=\"_self\"><img loading=\"lazy\" decoding=\"async\" width=\"1000\" height=\"658\" src=\"https:\/\/www.deficitdao.org\/wp-content\/uploads\/2018\/12\/shutterstock_568108423-2-1000x658.jpg\" class=\"attachment-grve-image-large-rect-horizontal size-grve-image-large-rect-horizontal wp-post-image\" alt=\"\" \/><\/a>\r\n\t\t<\/div>\r\n\r\n\t\t\t\t\t\t\t\t\t\t\t<div class=\"grve-post-content\">\r\n\t\t\t\t\t\t\t<a href=\"https:\/\/www.deficitdao.org\/en\/2018\/12\/21\/are-the-amounts-of-biogenic-amines-usually-underestimated-in-diets-low-in-histamine\/\" rel=\"bookmark\"><h4 class=\"grve-post-title\" itemprop=\"headline\">Are underestimated the amounts of biogenic amines in diets low in histamine ?<\/h4><\/a>\t\t\t\t\t\t\t\t\t<span class=\"grve-hidden\">\r\n\t\t\t<span class=\"grve-structured-data\" itemprop=\"image\" itemscope itemtype=\"http:\/\/schema.org\/ImageObject\">\r\n\t\t\t   <span itemprop='url' >https:\/\/www.deficitdao.org\/wp-content\/uploads\/2018\/12\/shutterstock_568108423-2.jpg<\/span>\r\n\t\t\t   <span itemprop='height' >1000<\/span>\r\n\t\t\t   <span itemprop='width' >667<\/span>\r\n\t\t\t<\/span>\r\n\t\t\t\t\t\t<span class=\"grve-structured-data\" itemprop=\"author\" itemscope itemtype=\"http:\/\/schema.org\/Person\">\r\n\t\t\t\t<span itemprop=\"name\">admin<\/span>\r\n\t\t\t<\/span>\r\n\t\t\t<span class=\"grve-structured-data\" itemprop=\"publisher\" itemscope itemtype=\"http:\/\/schema.org\/Organization\">\r\n\t\t\t\t<span itemprop='name'>admin<\/span>\r\n\t\t\t\t<span itemprop='logo' itemscope itemtype='http:\/\/schema.org\/ImageObject'>\r\n\t\t\t\t\t<span itemprop='url'>https:\/\/www.deficitdao.org\/wp-content\/plugins\/ultimate-member\/assets\/img\/default_avatar.jpg<\/span>\r\n\t\t\t\t<\/span>\r\n\t\t\t<\/span>\r\n\t\t\t\t\t\t<time class=\"grve-structured-data\" itemprop=\"datePublished\" datetime=\"2018-12-21T12:28:54+00:00\">21 December, 2018<\/time>\r\n\t\t\t<time class=\"grve-structured-data\" itemprop=\"dateModified\"  datetime=\"2025-07-16T20:44:38+00:00\">16 July, 2025<\/time>\r\n\t\t\t<span class=\"grve-structured-data\" itemprop=\"mainEntityOfPage\" itemscope itemtype=\"http:\/\/schema.org\/WebPage\" itemid=\"https:\/\/www.deficitdao.org\/en\/2018\/12\/21\/are-the-amounts-of-biogenic-amines-usually-underestimated-in-diets-low-in-histamine\/\"><\/span>\r\n\t\t<\/span>\r\n\t\t\t\t\t\t\t\t<div class=\"grve-post-meta\">\r\n\t\t\t\t\t\t\t\t\t<time class=\"grve-post-date\" datetime=\"2018-12-21T12:28:54+00:00\">\r\n\t\t21 December, 2018\t<\/time>\r\n\t<div class=\"grve-post-comments grve-small-text\">\r\n\t\t<span class=\"grve-icon-comment\"><\/span> 0\t<\/div>\r\n\t\t<div class=\"grve-like-counter\"><span class=\"grve-icon-heart\"><\/span>0<\/div>\r\n\t\t\t\t\t\t\t<\/div>\r\n\t\t\t\t\t\t\t<div itemprop=\"articleBody\"><p>Diets low in histamine are currently used to reduce symptoms of intolerance to histamine, a disorder in the homeostasis of this molecule that increases its blood levels, due mainly to the reduction of the activity of the diamine oxidase (DAO) enzyme. In fact, these diets low in histamine exclude foods, many of them of plant&hellip;<\/p><a class=\"grve-read-more\" href=\"https:\/\/www.deficitdao.org\/en\/2018\/12\/21\/are-the-amounts-of-biogenic-amines-usually-underestimated-in-diets-low-in-histamine\/\"><span>read more<\/span><\/a><\/div>\t\t\t\t\t\t<\/div>\r\n\t\t\t\t\t\r\n\t\t\t\t\t\t\t<\/article>\r\n\r\n\t\t\t<\/div>\r\n\t\t<\/div>\r\n[\/vc_column][vc_column width=&#8221;1\/3&#8243; css=&#8221;.vc_custom_1545910557895{padding-top: 30px !important;padding-right: 30px !important;padding-bottom: 30px !important;padding-left: 30px !important;background-image: url(https:\/\/www.deficitdao.org\/wp-content\/uploads\/2018\/11\/1.2-degradado-fondo-sec-1-1920&#215;500.png?id=5058) !important;background-position: 0 0 !important;background-repeat: no-repeat !important;border-radius: 20px !important;}&#8221;][vc_widget_sidebar sidebar_id=&#8221;grve-default-sidebar&#8221;][\/vc_column][\/vc_row]<\/p>\n","protected":false},"excerpt":{"rendered":"<p>[vc_row heading_color=&#8221;light&#8221; bg_type=&#8221;hosted_video&#8221; bg_video_type=&#8221;normal&#8221; bg_video_device=&#8221;yes&#8221; header_feature=&#8221;yes&#8221; padding_top=&#8221;150&#8243; padding_bottom=&#8221;150&#8243; bg_video_webm=&#8221;https:\/\/www.deficitdao.org\/wp-content\/uploads\/2018\/12\/Particles-5136-1.mp4&#8243; bg_video_mp4=&#8221;https:\/\/www.deficitdao.org\/wp-content\/uploads\/2018\/12\/Particles-5136-1.mp4&#8243;][vc_column width=&#8221;1\/2&#8243;][\/vc_column][vc_column width=&#8221;1\/2&#8243;][\/vc_column][\/vc_row][vc_row padding_top=&#8221;50&#8243;][vc_column width=&#8221;2\/3&#8243;][\/vc_column][vc_column width=&#8221;1\/3&#8243; css=&#8221;.vc_custom_1545910557895{padding-top: 30px !important;padding-right: 30px !important;padding-bottom: 30px !important;padding-left: 30px !important;background-image: url(https:\/\/www.deficitdao.org\/wp-content\/uploads\/2018\/11\/1.2-degradado-fondo-sec-1-1920&#215;500.png?id=5058) !important;background-position: 0 0 !important;background-repeat: no-repeat [&hellip;]<\/p>\n","protected":false},"author":1,"featured_media":0,"parent":0,"menu_order":0,"comment_status":"closed","ping_status":"closed","template":"","meta":{"footnotes":""},"class_list":["post-8913","page","type-page","status-publish","hentry"],"yoast_head":"<!-- This site is optimized with the Yoast SEO plugin v25.7 - https:\/\/yoast.com\/wordpress\/plugins\/seo\/ -->\n<title>blog<\/title>\n<meta name=\"robots\" content=\"index, follow, max-snippet:-1, max-image-preview:large, max-video-preview:-1\" \/>\n<link rel=\"canonical\" href=\"https:\/\/www.deficitdao.org\/en\/blog\/\" \/>\n<meta property=\"og:locale\" content=\"en_US\" \/>\n<meta property=\"og:type\" content=\"article\" \/>\n<meta property=\"og:title\" content=\"blog\" \/>\n<meta property=\"og:description\" content=\"[vc_row heading_color=&#8221;light&#8221; bg_type=&#8221;hosted_video&#8221; bg_video_type=&#8221;normal&#8221; bg_video_device=&#8221;yes&#8221; header_feature=&#8221;yes&#8221; padding_top=&#8221;150&#8243; padding_bottom=&#8221;150&#8243; bg_video_webm=&#8221;https:\/\/www.deficitdao.org\/wp-content\/uploads\/2018\/12\/Particles-5136-1.mp4&#8243; bg_video_mp4=&#8221;https:\/\/www.deficitdao.org\/wp-content\/uploads\/2018\/12\/Particles-5136-1.mp4&#8243;][vc_column width=&#8221;1\/2&#8243;][\/vc_column][vc_column width=&#8221;1\/2&#8243;][\/vc_column][\/vc_row][vc_row padding_top=&#8221;50&#8243;][vc_column width=&#8221;2\/3&#8243;][\/vc_column][vc_column width=&#8221;1\/3&#8243; css=&#8221;.vc_custom_1545910557895{padding-top: 30px !important;padding-right: 30px !important;padding-bottom: 30px !important;padding-left: 30px !important;background-image: url(https:\/\/www.deficitdao.org\/wp-content\/uploads\/2018\/11\/1.2-degradado-fondo-sec-1-1920&#215;500.png?id=5058) !important;background-position: 0 0 !important;background-repeat: no-repeat [&hellip;]\" \/>\n<meta property=\"og:url\" content=\"https:\/\/www.deficitdao.org\/en\/blog\/\" \/>\n<meta property=\"og:site_name\" content=\"deficitdao.org\" \/>\n<meta property=\"article:modified_time\" content=\"2018-12-28T08:38:03+00:00\" \/>\n<meta name=\"twitter:card\" content=\"summary_large_image\" \/>\n<meta name=\"twitter:label1\" content=\"Est. reading time\" \/>\n\t<meta name=\"twitter:data1\" content=\"1 minute\" \/>\n<script type=\"application\/ld+json\" class=\"yoast-schema-graph\">{\"@context\":\"https:\/\/schema.org\",\"@graph\":[{\"@type\":\"WebPage\",\"@id\":\"https:\/\/www.deficitdao.org\/en\/blog\/\",\"url\":\"https:\/\/www.deficitdao.org\/en\/blog\/\",\"name\":\"blog\",\"isPartOf\":{\"@id\":\"https:\/\/www.deficitdao.org\/#website\"},\"datePublished\":\"2018-12-27T11:59:35+00:00\",\"dateModified\":\"2018-12-28T08:38:03+00:00\",\"breadcrumb\":{\"@id\":\"https:\/\/www.deficitdao.org\/en\/blog\/#breadcrumb\"},\"inLanguage\":\"en-US\",\"potentialAction\":[{\"@type\":\"ReadAction\",\"target\":[\"https:\/\/www.deficitdao.org\/en\/blog\/\"]}]},{\"@type\":\"BreadcrumbList\",\"@id\":\"https:\/\/www.deficitdao.org\/en\/blog\/#breadcrumb\",\"itemListElement\":[{\"@type\":\"ListItem\",\"position\":1,\"name\":\"Portada\",\"item\":\"https:\/\/www.deficitdao.org\/en\/\"},{\"@type\":\"ListItem\",\"position\":2,\"name\":\"blog\"}]},{\"@type\":\"WebSite\",\"@id\":\"https:\/\/www.deficitdao.org\/#website\",\"url\":\"https:\/\/www.deficitdao.org\/\",\"name\":\"deficitdao.org\",\"description\":\"International Society of DAO deficiency: biomedical R&amp;D in diamine oxidase deficiency and diet histamine induced disorders\",\"potentialAction\":[{\"@type\":\"SearchAction\",\"target\":{\"@type\":\"EntryPoint\",\"urlTemplate\":\"https:\/\/www.deficitdao.org\/?s={search_term_string}\"},\"query-input\":{\"@type\":\"PropertyValueSpecification\",\"valueRequired\":true,\"valueName\":\"search_term_string\"}}],\"inLanguage\":\"en-US\"}]}<\/script>\n<!-- \/ Yoast SEO plugin. -->","yoast_head_json":{"title":"blog","robots":{"index":"index","follow":"follow","max-snippet":"max-snippet:-1","max-image-preview":"max-image-preview:large","max-video-preview":"max-video-preview:-1"},"canonical":"https:\/\/www.deficitdao.org\/en\/blog\/","og_locale":"en_US","og_type":"article","og_title":"blog","og_description":"[vc_row heading_color=&#8221;light&#8221; bg_type=&#8221;hosted_video&#8221; bg_video_type=&#8221;normal&#8221; bg_video_device=&#8221;yes&#8221; header_feature=&#8221;yes&#8221; padding_top=&#8221;150&#8243; padding_bottom=&#8221;150&#8243; bg_video_webm=&#8221;https:\/\/www.deficitdao.org\/wp-content\/uploads\/2018\/12\/Particles-5136-1.mp4&#8243; bg_video_mp4=&#8221;https:\/\/www.deficitdao.org\/wp-content\/uploads\/2018\/12\/Particles-5136-1.mp4&#8243;][vc_column width=&#8221;1\/2&#8243;][\/vc_column][vc_column width=&#8221;1\/2&#8243;][\/vc_column][\/vc_row][vc_row padding_top=&#8221;50&#8243;][vc_column width=&#8221;2\/3&#8243;][\/vc_column][vc_column width=&#8221;1\/3&#8243; css=&#8221;.vc_custom_1545910557895{padding-top: 30px !important;padding-right: 30px !important;padding-bottom: 30px !important;padding-left: 30px !important;background-image: url(https:\/\/www.deficitdao.org\/wp-content\/uploads\/2018\/11\/1.2-degradado-fondo-sec-1-1920&#215;500.png?id=5058) !important;background-position: 0 0 !important;background-repeat: no-repeat [&hellip;]","og_url":"https:\/\/www.deficitdao.org\/en\/blog\/","og_site_name":"deficitdao.org","article_modified_time":"2018-12-28T08:38:03+00:00","twitter_card":"summary_large_image","twitter_misc":{"Est. reading time":"1 minute"},"schema":{"@context":"https:\/\/schema.org","@graph":[{"@type":"WebPage","@id":"https:\/\/www.deficitdao.org\/en\/blog\/","url":"https:\/\/www.deficitdao.org\/en\/blog\/","name":"blog","isPartOf":{"@id":"https:\/\/www.deficitdao.org\/#website"},"datePublished":"2018-12-27T11:59:35+00:00","dateModified":"2018-12-28T08:38:03+00:00","breadcrumb":{"@id":"https:\/\/www.deficitdao.org\/en\/blog\/#breadcrumb"},"inLanguage":"en-US","potentialAction":[{"@type":"ReadAction","target":["https:\/\/www.deficitdao.org\/en\/blog\/"]}]},{"@type":"BreadcrumbList","@id":"https:\/\/www.deficitdao.org\/en\/blog\/#breadcrumb","itemListElement":[{"@type":"ListItem","position":1,"name":"Portada","item":"https:\/\/www.deficitdao.org\/en\/"},{"@type":"ListItem","position":2,"name":"blog"}]},{"@type":"WebSite","@id":"https:\/\/www.deficitdao.org\/#website","url":"https:\/\/www.deficitdao.org\/","name":"deficitdao.org","description":"International Society of DAO deficiency: biomedical R&amp;D in diamine oxidase deficiency and diet histamine induced disorders","potentialAction":[{"@type":"SearchAction","target":{"@type":"EntryPoint","urlTemplate":"https:\/\/www.deficitdao.org\/?s={search_term_string}"},"query-input":{"@type":"PropertyValueSpecification","valueRequired":true,"valueName":"search_term_string"}}],"inLanguage":"en-US"}]}},"_links":{"self":[{"href":"https:\/\/www.deficitdao.org\/en\/wp-json\/wp\/v2\/pages\/8913","targetHints":{"allow":["GET"]}}],"collection":[{"href":"https:\/\/www.deficitdao.org\/en\/wp-json\/wp\/v2\/pages"}],"about":[{"href":"https:\/\/www.deficitdao.org\/en\/wp-json\/wp\/v2\/types\/page"}],"author":[{"embeddable":true,"href":"https:\/\/www.deficitdao.org\/en\/wp-json\/wp\/v2\/users\/1"}],"replies":[{"embeddable":true,"href":"https:\/\/www.deficitdao.org\/en\/wp-json\/wp\/v2\/comments?post=8913"}],"version-history":[{"count":16,"href":"https:\/\/www.deficitdao.org\/en\/wp-json\/wp\/v2\/pages\/8913\/revisions"}],"predecessor-version":[{"id":9031,"href":"https:\/\/www.deficitdao.org\/en\/wp-json\/wp\/v2\/pages\/8913\/revisions\/9031"}],"wp:attachment":[{"href":"https:\/\/www.deficitdao.org\/en\/wp-json\/wp\/v2\/media?parent=8913"}],"curies":[{"name":"wp","href":"https:\/\/api.w.org\/{rel}","templated":true}]}}